{"id":41,"date":"2019-07-12T16:30:35","date_gmt":"2019-07-12T16:30:35","guid":{"rendered":"http:\/\/www.ieomsociety.org\/monterrey2020\/?page_id=41"},"modified":"2021-11-01T01:03:42","modified_gmt":"2021-11-01T01:03:42","slug":"program","status":"publish","type":"page","link":"http:\/\/www.ieomsociety.org\/monterrey2020\/program\/","title":{"rendered":"Program"},"content":{"rendered":"<h1 style=\"text-align: center;\"><span style=\"color: #993300;\"><strong>Overall Conference Program<\/strong><\/span><\/h1>\n<hr \/>\n<h3><strong>November 3, 2021 (Wednesday)\u00a0<\/strong><\/h3>\n<p>8:00 &#8211; 8:30\u00a0 am Welcome Address: Prof. Jos\u00e9 Benito Flores Ju\u00e1rez, Director de la Divisi\u00f3n de Ingenier\u00eda y Tecnolog\u00edas, Universidad De Monterrey, Mexico and Past President \u2013 American Society for Quality &#8211; Ballroom<\/p>\n<p>8:30 &#8211; 9:15 am Keynote I (Opening Keynote): Dr. Jos\u00e9 Ignacio Huertas, Professor, School of Engineering and Sciences, Postgraduate Director in Engineering, Instituto Tecnol\u00f3gico y Estudios Superiores de Monterrey, Campus Monterrey, Nuevo Le\u00f3n, Mexico &#8211; Smart Mobility and Smart Cities &#8211; Ballroom<\/p>\n<p>9:15 &#8211; 10:00\u00a0am Keynote II: Dr. Manuel Montoya, Presidente de la red nacional de cl\u00fasteres de la industria automotriz &#8211; Ballroom<\/p>\n<p>10:00 &#8211; 10:15 am Break<\/p>\n<p>10:15 &#8211; 11:00 am Keynote III: Dr. Michele Roccotelli, Assistant Professor, Polit\u00e9cnico de Bari, Italy &#8211; Ballroom<\/p>\n<p>11:00 &#8211; 11:45\u00a0am Keynote IV: Dr. Patrick Dallasega, Professor, Free University of Bozen-Bolzano, Italy<\/p>\n<p>11:45 &#8211; 12:30 am Keynote V: Eduardo Caballero Terrazas, Customer Experience Manager, Logrand Entretainment Group &#8211; Ballroom<\/p>\n<p>12:30 &#8211; 1:00 pm Lunch Break<\/p>\n<p>&nbsp;<\/p>\n<p>1:00 &#8211; 2:45 pm Plenary &#8211; Cintermex Ballroom 1a<\/p>\n<p>1:00 &#8211; 2:45 pm Panel 1 &#8211; Cintermex Ballroom 1b<\/p>\n<p>1:00 &#8211; 2:45 pm Parallel Sessions Onsite &#8211; Breakout Rooms 1-4<\/p>\n<p>1:00 &#8211; 2:45 pm Parallel Sessions Online &#8211; Breakout Rooms 5-9<\/p>\n<p>&nbsp;<\/p>\n<p>3:00 &#8211; 4:45 pm Plenary &#8211; Cintermex Ballroom 1a<\/p>\n<p>3:00 &#8211; 4:45 pm Panel 2 &#8211; Cintermex Ballroom 1b<\/p>\n<p>3:00 &#8211; 4:45 pm Parallel Sessions Onsite &#8211; Breakout Rooms 1-4<\/p>\n<p>3:00 &#8211; 4:45 pm Parallel Sessions Online &#8211; Breakout Rooms 5-9<\/p>\n<p>&nbsp;<\/p>\n<p>5:00 &#8211; 6:45 pm Parallel Sessions Online &#8211; Breakout Rooms 5-9<\/p>\n<p>7:00 &#8211; 8:45 pm Parallel Sessions Online &#8211; Breakout Rooms 5-9<\/p>\n<p>9:00 &#8211; 11:45 pm Parallel Sessions Online &#8211; Breakout Rooms 5-9<\/p>\n<hr \/>\n<h3><strong>November 4, 2021 (Thursday)\u00a0<\/strong><\/h3>\n<p>6:00 \u2013 8:00 am Parallel Sessions Online &#8211; Breakout Rooms 5-9<\/p>\n<p>8:15 &#8211; 8:30 am Welcome Address: Autonomous University of Nuevo Leon and The Automotive Cluster of Nuevo Le\u00f3n (CLAUT) &#8211; Ballroom<\/p>\n<p>8:30 &#8211; 9:15 am Keynote VI: Raul Mendez Escalera, Plant Manager &amp; North America Actuation Portfolio Lead, ZF Group, Quer\u00e9taro y alrededores, M\u00e9xico\u00a0 \u2013 Ballroom<\/p>\n<p>9:15 &#8211; 10:00 am\u00a0\u00a0\u00a0 Keynote VII: Eric Ayanegui, CPMM, CRL, Director Operations Engineering, Cintas Corporation, Houston, Texas, USA \u2013 Ballroom<\/p>\n<p>10:00 \u2013 10:15 am Break<\/p>\n<p>10:00 &#8211; 11:00\u00a0am\u00a0Keynote VIII: David Pistrui, Ph.D., Industry Liaison, Director, Graduate Recruiting, Clinical Professor of Engineering, College of Engineering &amp; Science, University of Detroit Mercy, Detroit, Michigan, USA \u2013 Ballroom<\/p>\n<p>11:00 &#8211; 11:45\u00a0am\u00a0Keynote IV: Prof. Jose Arturo Garza-Reyes, Professor of Operations Management, Head of the Centre for Supply Chain Improvement, College of Business, Law and Social Sciences \u2013 Ballroom<\/p>\n<p>11:45 am &#8211; 12:30\u00a0pm\u00a0Keynote X: Franco Omar Ramos Langer, Channel Technical and Business Enablement Manager, Siemens Digital Industries Software, Digital Software Division, Quer\u00e9taro, Mx \u2013 Ballroom<\/p>\n<p>12:30 &#8211; 1:00 pm Lunch Break<\/p>\n<p>&nbsp;<\/p>\n<p>1:00 &#8211; 2:45 pm Plenary &#8211; Cintermex Ballroom 1a<\/p>\n<p>1:00 &#8211; 2:45 pm Panel 3 &#8211; Cintermex Ballroom 1b<\/p>\n<p>1:00 &#8211; 2:45 pm Parallel Sessions Onsite &#8211; Breakout Rooms 1-4<\/p>\n<p>1:00 &#8211; 2:45 pm Parallel Sessions Online &#8211; Breakout Rooms 5-9<\/p>\n<p>&nbsp;<\/p>\n<p>3:00 &#8211; 4:45 pm Plenary &#8211; Cintermex Ballroom 1a<\/p>\n<p>3:00 &#8211; 4:45 pm Panel 4 &#8211; Cintermex Ballroom 1b<\/p>\n<p>3:00 &#8211; 4:45 pm Parallel Sessions Onsite &#8211; Breakout Rooms 1-4<\/p>\n<p>3:00 &#8211; 4:45 pm Parallel Sessions Online &#8211; Breakout Rooms 5-9<\/p>\n<p>&nbsp;<\/p>\n<p>5:00 &#8211; 6:45 pm Parallel Sessions Online &#8211; Breakout Rooms 5-9<\/p>\n<p>7:00 &#8211; 8:45 pm Parallel Sessions Online &#8211; Breakout Rooms 5-9<\/p>\n<p>9:00 &#8211; 10:45 pm Parallel Sessions Online &#8211; Breakout Rooms 5-9<\/p>\n<hr \/>\n<h3><strong>November 5, 2021 (Friday)\u00a0<\/strong><\/h3>\n<p>6:00 \u2013 8:00 am Parallel Sessions Online &#8211; Breakout Rooms 5-9<\/p>\n<p>8:15 &#8211; 8:30 am Welcome Address: Tecnol\u00f3gico de Monterrey and RELIEVE (Latin American Network of Energy Efficiency in Vehicles)<\/p>\n<p>8:30 &#8211; 9:15 am Keynote XI: Prof. Jos\u00e9 Benito Flores Ju\u00e1rez, Director de la Divisi\u00f3n de Ingenier\u00eda y Tecnolog\u00edas, Universidad De Monterrey, Mexico and Past President of American Society for Quality &#8211; Ballroom<\/p>\n<p>9:15 &#8211; 10:00 am Keynote XII: Dr. Josep Miquel Piqu\u00e9 Huerta, HVAC at Carrier, President of Technova Barcelona \u2013 La Salle Innovation Park, Manager of Internationalization and Innovation \u2013 La Salle URL, Barcelona, Espa\u00f1a &#8211; Ballroom<\/p>\n<p>10:00 \u2013 10:15 am Break<\/p>\n<p>10:15 &#8211; 11:00\u00a0am\u00a0\u00a0 Keynote XIII: Marco Antonio Vildoso Flores, Secretary for Advance FIT Engineering Studies, San Sebastian University &#8211; Ballroom<\/p>\n<p>11:00 &#8211; 11:45\u00a0am\u00a0\u00a0 Keynote XIV: Dra. Natalia Navarrete. Chassis Technologies for EVs &#8211; Manager \u2013 Commercial Vehicles &#8211; Ballroom<\/p>\n<p>11:45 am &#8211; 12:30\u00a0am Keynote XV: Frank Nagorschel. Director Marketing, Crystal System Group Ltd &#8211; Ballroom<\/p>\n<p>12:30 &#8211; 1:00 pm Lunch Break<\/p>\n<p>&nbsp;<\/p>\n<p>1:00 &#8211; 2:45 pm Plenary &#8211; Cintermex Ballroom 1a<\/p>\n<p>1:00 &#8211; 2:45 pm Panel 5 &#8211; Cintermex Ballroom 1b<\/p>\n<p>1:00 &#8211; 2:45 pm Parallel Sessions Onsite &#8211; Breakout Rooms 1-4<\/p>\n<p>1:00 &#8211; 2:45 pm Parallel Sessions Online &#8211; Breakout Rooms 5-9<\/p>\n<p>&nbsp;<\/p>\n<p>3:00 &#8211; 4:45 pm Plenary &#8211; Cintermex Ballroom 1a<\/p>\n<p>3:00 &#8211; 4:45 pm Panel 5 &#8211; Cintermex Ballroom 1b<\/p>\n<p>3:00 &#8211; 4:45 Parallel Sessions Onsite &#8211; Breakout Rooms 1-4<\/p>\n<p>3:00 &#8211; 4:45 Parallel Sessions Online &#8211; Breakout Rooms 5-9<\/p>\n<p>&nbsp;<\/p>\n<p><strong>7:00 \u2013 10:00 pm, November 5, Friday CONFERENCE AWARDS DINNER &#8211; Cintermex Ballroom<\/strong><\/p>\n","protected":false},"excerpt":{"rendered":"<p>Overall Conference Program November 3, 2021 (Wednesday)\u00a0 8:00 &#8211; 8:30\u00a0 am Welcome Address: Prof. Jos\u00e9 Benito Flores Ju\u00e1rez, Director de la Divisi\u00f3n de Ingenier\u00eda y Tecnolog\u00edas, Universidad De Monterrey, Mexico and Past President \u2013 American Society for Quality &#8211; Ballroom 8:30 &#8211; 9:15 am Keynote I (Opening Keynote): Dr. Jos\u00e9 Ignacio Huertas, Professor, School of [&hellip;]<\/p>\n","protected":false},"author":1,"featured_media":0,"parent":0,"menu_order":0,"comment_status":"closed","ping_status":"closed","template":"","meta":{"footnotes":""},"class_list":["post-41","page","type-page","status-publish","hentry"],"_links":{"self":[{"href":"http:\/\/www.ieomsociety.org\/monterrey2020\/wp-json\/wp\/v2\/pages\/41"}],"collection":[{"href":"http:\/\/www.ieomsociety.org\/monterrey2020\/wp-json\/wp\/v2\/pages"}],"about":[{"href":"http:\/\/www.ieomsociety.org\/monterrey2020\/wp-json\/wp\/v2\/types\/page"}],"author":[{"embeddable":true,"href":"http:\/\/www.ieomsociety.org\/monterrey2020\/wp-json\/wp\/v2\/users\/1"}],"replies":[{"embeddable":true,"href":"http:\/\/www.ieomsociety.org\/monterrey2020\/wp-json\/wp\/v2\/comments?post=41"}],"version-history":[{"count":18,"href":"http:\/\/www.ieomsociety.org\/monterrey2020\/wp-json\/wp\/v2\/pages\/41\/revisions"}],"predecessor-version":[{"id":907,"href":"http:\/\/www.ieomsociety.org\/monterrey2020\/wp-json\/wp\/v2\/pages\/41\/revisions\/907"}],"wp:attachment":[{"href":"http:\/\/www.ieomsociety.org\/monterrey2020\/wp-json\/wp\/v2\/media?parent=41"}],"curies":[{"name":"wp","href":"https:\/\/api.w.org\/{rel}","templated":true}]}}